{"id":1077,"date":"2025-07-28T11:14:45","date_gmt":"2025-07-28T11:14:45","guid":{"rendered":"https:\/\/kabel-bau.de\/?page_id=1077"},"modified":"2025-10-17T10:18:22","modified_gmt":"2025-10-17T10:18:22","slug":"barrierefreiheitserklaerung","status":"publish","type":"page","link":"https:\/\/kabel-bau.de\/index.php\/barrierefreiheitserklaerung\/","title":{"rendered":"Barrierefreiheitserkl\u00e4rung"},"content":{"rendered":"\n<p><\/p>\n\n\n\n<p>Im Rahmen unserer Barrierefreiheitserkl\u00e4rung m\u00f6chten wir Ihnen einen \u00dcberblick \u00fcber den Stand der Vereinbarkeit der unten beschriebenen Dienstleistung(en) mit den Anforderungen der Barrierefreiheit nach gesetzlichen Vorschriften (insbesondere mit dem Barrierefreiheitsst\u00e4rkungsgesetz \u2013 BFSG) geben.<\/p>\n\n\n\n<h3 class=\"wp-block-heading\">Angaben zum Dienstleistungserbringer<\/h3>\n\n\n\n<p>Kabel Bauunternehmen GmbH<br>Elsavastr. 7<br>63863 Eschau<br>Bayern<\/p>\n\n\n\n<h3 class=\"wp-block-heading\">Allgemeine Beschreibung der Dienstleistung<\/h3>\n\n\n\n<p>Bereitstellung von Informationen \u00fcber die Leistungen und Projekte der Firma Kabel-Bau GmbH auf der Website https:\/\/kabel-bau.de.<\/p>\n\n\n\n<h3 class=\"wp-block-heading\">Erl\u00e4uterungen zur Durchf\u00fchrung der Dienstleistung<\/h3>\n\n\n\n<p>Auf unserer Website https:\/\/kabel-bau.de informieren wir \u00fcber unser Unternehmen, unsere Leistungen im Bereich Tiefbau, Kabelverlegung, Elektrotechnik und Glasfaserbau. Besucher k\u00f6nnen sich \u00fcber Projekte, Ansprechpartner und Kontaktm\u00f6glichkeiten informieren. Es findet kein Verkauf oder Vertragsabschluss \u00fcber die Website statt.<\/p>\n\n\n\n<h3 class=\"wp-block-heading\">Stand der Vereinbarkeit mit den Anforderungen<\/h3>\n\n\n\n<p>Die oben genannte Dienstleistung ist vollst\u00e4ndig mit dem Barrierefreiheitsst\u00e4rkungsgesetz (BFSG) vereinbar.<\/p>\n\n\n\n<h3 class=\"wp-block-heading\">Erstellung der Barrierefreiheitserkl\u00e4rung<\/h3>\n\n\n\n<p>Datum der Erstellung der Barrierefreiheitserkl\u00e4rung: 17.10.2025<br>Datum der letzten \u00dcberpr\u00fcfung der o. g. Leistungen hinsichtlich der Anforderungen zur Barrierefreiheit: 17.10.2025<\/p>\n\n\n\n<h3 class=\"wp-block-heading\">Einsch\u00e4tzung zum Stand der Barrierefreiheit<\/h3>\n\n\n\n<p>Die Einsch\u00e4tzung zum Stand der Barrierefreiheit beruht auf der Einsch\u00e4tzung durch einen externen Anbieter.<\/p>\n\n\n\n<h3 class=\"wp-block-heading\">Feedbackm\u00f6glichkeit und Kontaktangaben<\/h3>\n\n\n\n<p>Adresse:<br>News Verlag GmbH &amp; Co. KG<br>Br\u00fcckenstra\u00dfe 11<br>63897 Miltenberg<\/p>\n\n\n\n<p>E-Mail: info@news-creativ.de<\/p>\n\n\n\n<p>Telefon: 09371 955 0<\/p>\n\n\n\n<p>Link zur Website: <a href=\"https:\/\/www.news-creativ.de\/\" target=\"_blank\" rel=\"noopener\">https:\/\/www.news-creativ.de\/<\/a><\/p>\n\n\n\n<h3 class=\"wp-block-heading\">Zust\u00e4ndige Markt\u00fcberwachungsbeh\u00f6rde<\/h3>\n\n\n\n<p>Markt\u00fcberwachungsstelle der L\u00e4nder f\u00fcr die Barrierefreiheit von Produkten und Dienstleistungen (MLBF)<\/p>\n\n\n\n<p>Telefon: + 49 (0) 391 567 6970<br>E-Mail: mlbf@ms.sachsen-anhalt.de<\/p>\n\n\n\n<p>Informationen zur aktuellen Adresse des MLBF finden Sie hier: <a href=\"https:\/\/ms.sachsen-anhalt.de\/themen\/menschen-mit-behinderungen\/aktuelles\/marktueberwachungsstelle-der-laender-fuer-die-barrierefreiheit-von-produkten-und-dienstleistungen\" target=\"_blank\" rel=\"noreferrer noopener\">https:\/\/ms.sachsen-anhalt.de\/themen\/menschen-mit-behinderungen\/aktuelles\/marktueberwachungsstelle-der-laender-fuer-die-barrierefreiheit-von-produkten-und-dienstleistungen<\/a>.<\/p>\n\n\n\n<p><\/p>\n","protected":false},"excerpt":{"rendered":"<p>Im Rahmen unserer Barrierefreiheitserkl\u00e4rung m\u00f6chten wir Ihnen einen \u00dcberblick \u00fcber den Stand der Vereinbarkeit der unten beschriebenen Dienstleistung(en) mit den Anforderungen der Barrierefreiheit nach gesetzlichen Vorschriften (insbesondere mit dem Barrierefreiheitsst\u00e4rkungsgesetz \u2013 BFSG) geben. Angaben zum Dienstleistungserbringer Kabel Bauunternehmen GmbHElsavastr. 763863 EschauBayern Allgemeine Beschreibung der Dienstleistung Bereitstellung von Informationen \u00fcber die Leistungen und Projekte der Firma [&hellip;]<\/p>\n","protected":false},"author":1,"featured_media":0,"parent":0,"menu_order":0,"comment_status":"closed","ping_status":"closed","template":"","meta":{"footnotes":""},"class_list":["post-1077","page","type-page","status-publish","hentry"],"_links":{"self":[{"href":"https:\/\/kabel-bau.de\/index.php\/wp-json\/wp\/v2\/pages\/1077","targetHints":{"allow":["GET"]}}],"collection":[{"href":"https:\/\/kabel-bau.de\/index.php\/wp-json\/wp\/v2\/pages"}],"about":[{"href":"https:\/\/kabel-bau.de\/index.php\/wp-json\/wp\/v2\/types\/page"}],"author":[{"embeddable":true,"href":"https:\/\/kabel-bau.de\/index.php\/wp-json\/wp\/v2\/users\/1"}],"replies":[{"embeddable":true,"href":"https:\/\/kabel-bau.de\/index.php\/wp-json\/wp\/v2\/comments?post=1077"}],"version-history":[{"count":4,"href":"https:\/\/kabel-bau.de\/index.php\/wp-json\/wp\/v2\/pages\/1077\/revisions"}],"predecessor-version":[{"id":1175,"href":"https:\/\/kabel-bau.de\/index.php\/wp-json\/wp\/v2\/pages\/1077\/revisions\/1175"}],"wp:attachment":[{"href":"https:\/\/kabel-bau.de\/index.php\/wp-json\/wp\/v2\/media?parent=1077"}],"curies":[{"name":"wp","href":"https:\/\/api.w.org\/{rel}","templated":true}]}}