{"id":148,"date":"2023-10-23T13:11:36","date_gmt":"2023-10-23T13:11:36","guid":{"rendered":"https:\/\/heuristic-engelbart.157-90-23-119.plesk.page\/?page_id=148"},"modified":"2025-07-29T13:49:21","modified_gmt":"2025-07-29T13:49:21","slug":"leistungen","status":"publish","type":"page","link":"https:\/\/kabel-bau.de\/index.php\/leistungen\/","title":{"rendered":"Leistungen"},"content":{"rendered":"\t\t<div data-elementor-type=\"wp-page\" data-elementor-id=\"148\" class=\"elementor elementor-148\" data-elementor-post-type=\"page\">\n\t\t\t\t<div class=\"elementor-element elementor-element-5ca78f2 e-flex e-con-boxed e-con e-parent\" data-id=\"5ca78f2\" data-element_type=\"container\" data-e-type=\"container\">\n\t\t\t\t\t<div class=\"e-con-inner\">\n\t\t<div class=\"elementor-element elementor-element-4293fbb e-flex e-con-boxed e-con e-child\" data-id=\"4293fbb\" data-element_type=\"container\" data-e-type=\"container\" data-settings=\"{&quot;background_background&quot;:&quot;classic&quot;}\">\n\t\t\t\t\t<div class=\"e-con-inner\">\n\t\t\t\t<div class=\"elementor-element elementor-element-fa8d86b elementor-widget elementor-widget-heading\" data-id=\"fa8d86b\" data-element_type=\"widget\" data-e-type=\"widget\" data-widget_type=\"heading.default\">\n\t\t\t\t<div class=\"elementor-widget-container\">\n\t\t\t\t\t<h2 class=\"elementor-heading-title elementor-size-default\">Leistungen<\/h2>\t\t\t\t<\/div>\n\t\t\t\t<\/div>\n\t\t\t\t\t<\/div>\n\t\t\t\t<\/div>\n\t\t<div class=\"elementor-element elementor-element-4249015 e-flex e-con-boxed e-con e-child\" data-id=\"4249015\" data-element_type=\"container\" data-e-type=\"container\" data-settings=\"{&quot;background_background&quot;:&quot;classic&quot;}\">\n\t\t\t\t\t<div class=\"e-con-inner\">\n\t\t<div class=\"elementor-element elementor-element-161193c e-con-full e-flex e-con e-child\" data-id=\"161193c\" data-element_type=\"container\" data-e-type=\"container\">\n\t\t\t\t<div class=\"elementor-element elementor-element-0a5d2a3 elementor-widget elementor-widget-image\" data-id=\"0a5d2a3\" data-element_type=\"widget\" data-e-type=\"widget\" data-widget_type=\"image.default\">\n\t\t\t\t<div class=\"elementor-widget-container\">\n\t\t\t\t\t\t\t\t\t\t\t\t\t\t\t<img decoding=\"async\" width=\"97\" height=\"95\" src=\"https:\/\/kabel-bau.de\/wp-content\/uploads\/2023\/10\/bauen-mit-iq.png\" class=\"attachment-large size-large wp-image-61\" alt=\"Logo des Vereins\u202f\u201aBauen\u202fmit\u202fInnungs\u2011Qualit\u00e4t\u202fe.V.\u2018 \u2013 gr\u00fcn\u2011blaues \u201aIQ\u2018 in einem offenen blauen Halbkreis.\" title=\"\">\t\t\t\t\t\t\t\t\t\t\t\t\t\t\t<\/div>\n\t\t\t\t<\/div>\n\t\t\t\t<\/div>\n\t\t<div class=\"elementor-element elementor-element-e989b69 e-flex e-con-boxed e-con e-child\" data-id=\"e989b69\" data-element_type=\"container\" data-e-type=\"container\">\n\t\t\t\t\t<div class=\"e-con-inner\">\n\t\t\t\t<div class=\"elementor-element elementor-element-1b2d59c elementor-widget elementor-widget-heading\" data-id=\"1b2d59c\" data-element_type=\"widget\" data-e-type=\"widget\" data-widget_type=\"heading.default\">\n\t\t\t\t<div class=\"elementor-widget-container\">\n\t\t\t\t\t<h2 class=\"elementor-heading-title elementor-size-default\">Qualit\u00e4t<\/h2>\t\t\t\t<\/div>\n\t\t\t\t<\/div>\n\t\t\t\t<div class=\"elementor-element elementor-element-dadb145 elementor-widget elementor-widget-heading\" data-id=\"dadb145\" data-element_type=\"widget\" data-e-type=\"widget\" data-widget_type=\"heading.default\">\n\t\t\t\t<div class=\"elementor-widget-container\">\n\t\t\t\t\t<h2 class=\"elementor-heading-title elementor-size-default\">Der Name Kabelbau steht f\u00fcr ein breit gef\u00e4chertes Spektrum an qualitativ hochwertigen Bauleistungen.\n\n<\/h2>\t\t\t\t<\/div>\n\t\t\t\t<\/div>\n\t\t\t\t<div class=\"elementor-element elementor-element-378cdbe elementor-widget elementor-widget-text-editor\" data-id=\"378cdbe\" data-element_type=\"widget\" data-e-type=\"widget\" data-widget_type=\"text-editor.default\">\n\t\t\t\t<div class=\"elementor-widget-container\">\n\t\t\t\t\t\t\t\t\tWir arbeiten ausschlie\u00dflich mit bestens qualifiziertem Fachpersonal. Seit 2004 geh\u00f6ren wir dem Verein Bauen mit Innungsqualit\u00e4t e.V. an. Dahinter steht eine Qualit\u00e4tsgemeinschaft mittelst\u00e4ndischer Bauunternehmen. In dieser haben sich seit der Gr\u00fcndung 2001 rund 150 Innungsbetriebe der Initiative des Bayerischen Baugewerbeverbandes angeschlossen.\n<br><br>\nUnser Ziel ist es, eine verl\u00e4ssliche Garantie f\u00fcr hohe Leistungsf\u00e4higkeit und erstklassige Qualit\u00e4t zu bieten. Und zwar von der Planung bis zur \u00dcbergabe eines Projektes. Daf\u00fcr leisten wir einiges. Im Rahmen des zertifizierten Qualit\u00e4tsmanagement-Systems \u201eBauen mit IQ\u201c verpflichten wir uns, Betriebsabl\u00e4ufe zu optimieren und so die Qualit\u00e4t der Bauleistung kontinuierlich zu verbessern.\t\t\t\t\t\t\t\t<\/div>\n\t\t\t\t<\/div>\n\t\t\t\t\t<\/div>\n\t\t\t\t<\/div>\n\t\t\t\t\t<\/div>\n\t\t\t\t<\/div>\n\t\t<div class=\"elementor-element elementor-element-0e7c309 e-con-full e-flex e-con e-child\" data-id=\"0e7c309\" data-element_type=\"container\" data-e-type=\"container\" data-settings=\"{&quot;background_background&quot;:&quot;classic&quot;}\">\n\t\t<div class=\"elementor-element elementor-element-6b1480d e-flex e-con-boxed e-con e-child\" data-id=\"6b1480d\" data-element_type=\"container\" data-e-type=\"container\">\n\t\t\t\t\t<div class=\"e-con-inner\">\n\t\t<div class=\"elementor-element elementor-element-95b14fb e-flex e-con-boxed e-con e-child\" data-id=\"95b14fb\" data-element_type=\"container\" data-e-type=\"container\">\n\t\t\t\t\t<div class=\"e-con-inner\">\n\t\t\t\t<div class=\"elementor-element elementor-element-8f158ce elementor-widget elementor-widget-image\" data-id=\"8f158ce\" data-element_type=\"widget\" data-e-type=\"widget\" data-widget_type=\"image.default\">\n\t\t\t\t<div class=\"elementor-widget-container\">\n\t\t\t\t\t\t\t\t\t\t\t\t\t\t\t<img decoding=\"async\" width=\"128\" height=\"128\" src=\"https:\/\/kabel-bau.de\/wp-content\/uploads\/2023\/10\/planung_128x128.jpg\" class=\"attachment-large size-large wp-image-150\" alt=\"Junger Mann im blau gestreiften Shirt telefoniert auf einer ruhigen Wohnstra\u00dfe vor Einfamilienh\u00e4usern.\" title=\"\">\t\t\t\t\t\t\t\t\t\t\t\t\t\t\t<\/div>\n\t\t\t\t<\/div>\n\t\t\t\t<div class=\"elementor-element elementor-element-9f9d130 elementor-widget elementor-widget-heading\" data-id=\"9f9d130\" data-element_type=\"widget\" data-e-type=\"widget\" data-widget_type=\"heading.default\">\n\t\t\t\t<div class=\"elementor-widget-container\">\n\t\t\t\t\t<h3 class=\"elementor-heading-title elementor-size-default\">Beratung und Planung\n<\/h3>\t\t\t\t<\/div>\n\t\t\t\t<\/div>\n\t\t\t\t<div class=\"elementor-element elementor-element-5fcbb69 elementor-widget elementor-widget-text-editor\" data-id=\"5fcbb69\" data-element_type=\"widget\" data-e-type=\"widget\" data-widget_type=\"text-editor.default\">\n\t\t\t\t<div class=\"elementor-widget-container\">\n\t\t\t\t\t\t\t\t\t<p>Wir lassen Ihre Tr\u00e4ume Wirklichkeit werden. Unsere Kunden beraten wir basierend auf ihren Vorstellungen und Ideen im partnerschaftlichen Miteinander. Erfahrene Fachleute begleiten Ihr Bauvorhaben vertrauensvoll durch alle Abschnitte der Rohbauarbeiten. Unser kaufm\u00e4nnischer Leiter erstellt Ihnen gerne ein individuelles Angebot.<\/p>\t\t\t\t\t\t\t\t<\/div>\n\t\t\t\t<\/div>\n\t\t\t\t\t<\/div>\n\t\t\t\t<\/div>\n\t\t<div class=\"elementor-element elementor-element-6cc5255 e-flex e-con-boxed e-con e-child\" data-id=\"6cc5255\" data-element_type=\"container\" data-e-type=\"container\">\n\t\t\t\t\t<div class=\"e-con-inner\">\n\t\t\t\t<div class=\"elementor-element elementor-element-d1b8ebd elementor-widget elementor-widget-image\" data-id=\"d1b8ebd\" data-element_type=\"widget\" data-e-type=\"widget\" data-widget_type=\"image.default\">\n\t\t\t\t<div class=\"elementor-widget-container\">\n\t\t\t\t\t\t\t\t\t\t\t\t\t\t\t<img decoding=\"async\" width=\"128\" height=\"128\" src=\"https:\/\/kabel-bau.de\/wp-content\/uploads\/2023\/10\/neubau_128x128.jpg\" class=\"attachment-large size-large wp-image-151\" alt=\"Mehrere Bauarbeiter schaufeln und nivellieren das Fundament auf einer offenen Baustelle\" title=\"\">\t\t\t\t\t\t\t\t\t\t\t\t\t\t\t<\/div>\n\t\t\t\t<\/div>\n\t\t\t\t<div class=\"elementor-element elementor-element-c824aca elementor-widget elementor-widget-heading\" data-id=\"c824aca\" data-element_type=\"widget\" data-e-type=\"widget\" data-widget_type=\"heading.default\">\n\t\t\t\t<div class=\"elementor-widget-container\">\n\t\t\t\t\t<h3 class=\"elementor-heading-title elementor-size-default\">Neubau (Rohbau)\n<\/h3>\t\t\t\t<\/div>\n\t\t\t\t<\/div>\n\t\t\t\t<div class=\"elementor-element elementor-element-9cac4b3 elementor-widget elementor-widget-text-editor\" data-id=\"9cac4b3\" data-element_type=\"widget\" data-e-type=\"widget\" data-widget_type=\"text-editor.default\">\n\t\t\t\t<div class=\"elementor-widget-container\">\n\t\t\t\t\t\t\t\t\tBei uns ist Ihr Auftrag von Anfang in guten H\u00e4nden. Dabei ist es egal ob Sie ein Ein- oder Mehrfamilienhaus bauen m\u00f6chten oder ein Gewerbeobjekt realisieren wollen. Lehnen Sie sich entspannt zur\u00fcck und vertrauen Sie auf die gut ausgebildeten und motivierten Fachkr\u00e4fte unserer Firmengruppe. Der Einsatz eines zeitgem\u00e4\u00dfen modernen Maschinenparks und die Auswahl hochwertiger Werkstoffe unterst\u00fctzen unser Team auf dem Weg zu einem erstklassigen Bauergebnis.\t\t\t\t\t\t\t\t<\/div>\n\t\t\t\t<\/div>\n\t\t\t\t\t<\/div>\n\t\t\t\t<\/div>\n\t\t<div class=\"elementor-element elementor-element-d7a3370 e-flex e-con-boxed e-con e-child\" data-id=\"d7a3370\" data-element_type=\"container\" data-e-type=\"container\">\n\t\t\t\t\t<div class=\"e-con-inner\">\n\t\t\t\t<div class=\"elementor-element elementor-element-2463ac1 elementor-widget elementor-widget-image\" data-id=\"2463ac1\" data-element_type=\"widget\" data-e-type=\"widget\" data-widget_type=\"image.default\">\n\t\t\t\t<div class=\"elementor-widget-container\">\n\t\t\t\t\t\t\t\t\t\t\t\t\t\t\t<img loading=\"lazy\" decoding=\"async\" width=\"128\" height=\"128\" src=\"https:\/\/kabel-bau.de\/wp-content\/uploads\/2023\/10\/ausbau_128x128.jpg\" class=\"attachment-large size-large wp-image-152\" alt=\"Handwerker in rotem Shirt steht auf einer Leiter und montiert Gipskartonplatten in einem Rohbau\u2011Innenraum.\" title=\"\">\t\t\t\t\t\t\t\t\t\t\t\t\t\t\t<\/div>\n\t\t\t\t<\/div>\n\t\t\t\t<div class=\"elementor-element elementor-element-6887fa7 elementor-widget elementor-widget-heading\" data-id=\"6887fa7\" data-element_type=\"widget\" data-e-type=\"widget\" data-widget_type=\"heading.default\">\n\t\t\t\t<div class=\"elementor-widget-container\">\n\t\t\t\t\t<h3 class=\"elementor-heading-title elementor-size-default\">Neubau (inkl. Ausbaugewerke)\n<\/h3>\t\t\t\t<\/div>\n\t\t\t\t<\/div>\n\t\t\t\t<div class=\"elementor-element elementor-element-579ee37 elementor-widget elementor-widget-text-editor\" data-id=\"579ee37\" data-element_type=\"widget\" data-e-type=\"widget\" data-widget_type=\"text-editor.default\">\n\t\t\t\t<div class=\"elementor-widget-container\">\n\t\t\t\t\t\t\t\t\tSollten Sie f\u00fcr Ihren Neubau einen Partner suchen, der Sie nicht nur \u00fcber die Rohbauarbeiten betreut, sondern hier\u00fcber hinaus, sprechen Sie uns an. Gemeinsam mit einem Partner wird Ihnen hierf\u00fcr ein Angebot ausgearbeitet. Die Ausf\u00fchrung bzw. \u00dcberwachung der einzelnen Handwerksbetriebe wird dann von uns \u00fcbernommen.\t\t\t\t\t\t\t\t<\/div>\n\t\t\t\t<\/div>\n\t\t\t\t\t<\/div>\n\t\t\t\t<\/div>\n\t\t\t\t\t<\/div>\n\t\t\t\t<\/div>\n\t\t<div class=\"elementor-element elementor-element-bc1c08a e-flex e-con-boxed e-con e-child\" data-id=\"bc1c08a\" data-element_type=\"container\" data-e-type=\"container\">\n\t\t\t\t\t<div class=\"e-con-inner\">\n\t\t<div class=\"elementor-element elementor-element-6627f4a e-flex e-con-boxed e-con e-child\" data-id=\"6627f4a\" data-element_type=\"container\" data-e-type=\"container\">\n\t\t\t\t\t<div class=\"e-con-inner\">\n\t\t\t\t<div class=\"elementor-element elementor-element-d5b0bf1 elementor-widget elementor-widget-image\" data-id=\"d5b0bf1\" data-element_type=\"widget\" data-e-type=\"widget\" data-widget_type=\"image.default\">\n\t\t\t\t<div class=\"elementor-widget-container\">\n\t\t\t\t\t\t\t\t\t\t\t\t\t\t\t<img loading=\"lazy\" decoding=\"async\" width=\"128\" height=\"128\" src=\"https:\/\/kabel-bau.de\/wp-content\/uploads\/2023\/10\/abriss_128x128.jpg\" class=\"attachment-large size-large wp-image-153\" alt=\"Gelber Minibagger rei\u00dft eine Hauswand ein; Beton\u2011 und Ziegeltr\u00fcmmer liegen im Vordergrund.\" title=\"\">\t\t\t\t\t\t\t\t\t\t\t\t\t\t\t<\/div>\n\t\t\t\t<\/div>\n\t\t\t\t<div class=\"elementor-element elementor-element-f4bd03b elementor-widget elementor-widget-heading\" data-id=\"f4bd03b\" data-element_type=\"widget\" data-e-type=\"widget\" data-widget_type=\"heading.default\">\n\t\t\t\t<div class=\"elementor-widget-container\">\n\t\t\t\t\t<h3 class=\"elementor-heading-title elementor-size-default\">Abriss und Sanierung\n<\/h3>\t\t\t\t<\/div>\n\t\t\t\t<\/div>\n\t\t\t\t<div class=\"elementor-element elementor-element-8d02d06 elementor-widget elementor-widget-text-editor\" data-id=\"8d02d06\" data-element_type=\"widget\" data-e-type=\"widget\" data-widget_type=\"text-editor.default\">\n\t\t\t\t<div class=\"elementor-widget-container\">\n\t\t\t\t\t\t\t\t\tIhre alte Immobilie soll abgerissen werden und durch eine neue ersetzt werden. In diesem Fall k\u00f6nnen wir Ihnen geeignete Partnerbetriebe empfehlen, die mit Ihrem Maschinenpark auf notwendigen Abrissarbeiten eingerichtet sind. Den Wiederaufbau des Neu zu errichtenden Geb\u00e4ude \u00fcbernehmen wir dann mit unseren eigenen Rohbaukollonen gerne f\u00fcr Sie. Im Falle einer Sanierung stehen wir Ihnen ebenfalls f\u00fcr die anfallenden Rohbauarbeiten zur Seite.\n\n\t\t\t\t\t\t\t\t<\/div>\n\t\t\t\t<\/div>\n\t\t\t\t\t<\/div>\n\t\t\t\t<\/div>\n\t\t<div class=\"elementor-element elementor-element-7339efc e-flex e-con-boxed e-con e-child\" data-id=\"7339efc\" data-element_type=\"container\" data-e-type=\"container\">\n\t\t\t\t\t<div class=\"e-con-inner\">\n\t\t\t\t<div class=\"elementor-element elementor-element-492ab3e elementor-widget elementor-widget-image\" data-id=\"492ab3e\" data-element_type=\"widget\" data-e-type=\"widget\" data-widget_type=\"image.default\">\n\t\t\t\t<div class=\"elementor-widget-container\">\n\t\t\t\t\t\t\t\t\t\t\t\t\t\t\t<img loading=\"lazy\" decoding=\"async\" width=\"128\" height=\"128\" src=\"https:\/\/kabel-bau.de\/wp-content\/uploads\/2023\/10\/aussenanlagen_128x128.jpg\" class=\"attachment-large size-large wp-image-154\" alt=\"Frisch gepflasterte Au\u00dfentreppe mit Gel\u00e4nder und angrenzender Rampe aus Klinkersteinen vor einem Ziegelhaus.\" title=\"\">\t\t\t\t\t\t\t\t\t\t\t\t\t\t\t<\/div>\n\t\t\t\t<\/div>\n\t\t\t\t<div class=\"elementor-element elementor-element-8e7a720 elementor-widget elementor-widget-heading\" data-id=\"8e7a720\" data-element_type=\"widget\" data-e-type=\"widget\" data-widget_type=\"heading.default\">\n\t\t\t\t<div class=\"elementor-widget-container\">\n\t\t\t\t\t<h3 class=\"elementor-heading-title elementor-size-default\">Au\u00dfenanlagen\n<\/h3>\t\t\t\t<\/div>\n\t\t\t\t<\/div>\n\t\t\t\t<div class=\"elementor-element elementor-element-cd6a192 elementor-widget elementor-widget-text-editor\" data-id=\"cd6a192\" data-element_type=\"widget\" data-e-type=\"widget\" data-widget_type=\"text-editor.default\">\n\t\t\t\t<div class=\"elementor-widget-container\">\n\t\t\t\t\t\t\t\t\tAuch au\u00dferhalb Ihres Wohn- und Firmengeb\u00e4udes stehen wir Ihnen mit unseren Dienstleistungen zur Verf\u00fcgung. Wie w\u00e4re es denn z.B. mit einer Bodenplatte f\u00fcr Ihre neue Terrasse?\n\n\t\t\t\t\t\t\t\t<\/div>\n\t\t\t\t<\/div>\n\t\t\t\t\t<\/div>\n\t\t\t\t<\/div>\n\t\t<div class=\"elementor-element elementor-element-ae92b7f e-flex e-con-boxed e-con e-child\" data-id=\"ae92b7f\" data-element_type=\"container\" data-e-type=\"container\">\n\t\t\t\t\t<div class=\"e-con-inner\">\n\t\t\t\t<div class=\"elementor-element elementor-element-172b264 elementor-widget elementor-widget-image\" data-id=\"172b264\" data-element_type=\"widget\" data-e-type=\"widget\" data-widget_type=\"image.default\">\n\t\t\t\t<div class=\"elementor-widget-container\">\n\t\t\t\t\t\t\t\t\t\t\t\t\t\t\t<img loading=\"lazy\" decoding=\"async\" width=\"128\" height=\"128\" src=\"https:\/\/kabel-bau.de\/wp-content\/uploads\/2023\/10\/erdaushub_128x128.jpg\" class=\"attachment-large size-large wp-image-155\" alt=\"Orangefarbener Kettenbagger modelliert Erdhaufen auf einer offenen Baustelle.\" title=\"\">\t\t\t\t\t\t\t\t\t\t\t\t\t\t\t<\/div>\n\t\t\t\t<\/div>\n\t\t\t\t<div class=\"elementor-element elementor-element-79bfe0e elementor-widget elementor-widget-heading\" data-id=\"79bfe0e\" data-element_type=\"widget\" data-e-type=\"widget\" data-widget_type=\"heading.default\">\n\t\t\t\t<div class=\"elementor-widget-container\">\n\t\t\t\t\t<h3 class=\"elementor-heading-title elementor-size-default\">Erdaushub &amp; mehr\n<\/h3>\t\t\t\t<\/div>\n\t\t\t\t<\/div>\n\t\t\t\t<div class=\"elementor-element elementor-element-2d5d79e elementor-widget elementor-widget-text-editor\" data-id=\"2d5d79e\" data-element_type=\"widget\" data-e-type=\"widget\" data-widget_type=\"text-editor.default\">\n\t\t\t\t<div class=\"elementor-widget-container\">\n\t\t\t\t\t\t\t\t\tDas Bauhauptgewerbe ist unheimlich vielseitig und die Betriebe der Kabelbau Firmengruppe stehen Ihnen als Dienstleister in den verschiedensten Segmenten zur Verf\u00fcgung.\n\n\t\t\t\t\t\t\t\t<\/div>\n\t\t\t\t<\/div>\n\t\t\t\t\t<\/div>\n\t\t\t\t<\/div>\n\t\t\t\t\t<\/div>\n\t\t\t\t<\/div>\n\t\t\t\t<div class=\"elementor-element elementor-element-1315aa9 elementor-widget elementor-widget-heading\" data-id=\"1315aa9\" data-element_type=\"widget\" data-e-type=\"widget\" data-widget_type=\"heading.default\">\n\t\t\t\t<div class=\"elementor-widget-container\">\n\t\t\t\t\t<h2 class=\"elementor-heading-title elementor-size-default\">Kontaktieren Sie uns. Wir helfen Ihnen bei Ihrem Anliegen gerne weiter und beraten Sie umfassend.\n\n<\/h2>\t\t\t\t<\/div>\n\t\t\t\t<\/div>\n\t\t\t\t<div class=\"elementor-element elementor-element-3983194 elementor-widget elementor-widget-heading\" data-id=\"3983194\" data-element_type=\"widget\" data-e-type=\"widget\" data-widget_type=\"heading.default\">\n\t\t\t\t<div class=\"elementor-widget-container\">\n\t\t\t\t\t<h2 class=\"elementor-heading-title elementor-size-default\">Ihr Team der Kabelbau Firmengruppe<\/h2>\t\t\t\t<\/div>\n\t\t\t\t<\/div>\n\t\t\t\t<div class=\"elementor-element elementor-element-235e20e elementor-align-center elementor-widget elementor-widget-button\" data-id=\"235e20e\" data-element_type=\"widget\" data-e-type=\"widget\" data-widget_type=\"button.default\">\n\t\t\t\t<div class=\"elementor-widget-container\">\n\t\t\t\t\t\t\t\t\t<div class=\"elementor-button-wrapper\">\n\t\t\t\t\t<a class=\"elementor-button elementor-button-link elementor-size-sm\" href=\"#\">\n\t\t\t\t\t\t<span class=\"elementor-button-content-wrapper\">\n\t\t\t\t\t\t<span class=\"elementor-button-icon\">\n\t\t\t\t<i aria-hidden=\"true\" class=\"fas fa-arrow-right\"><\/i>\t\t\t<\/span>\n\t\t\t\t\t\t\t\t\t<span class=\"elementor-button-text\">Kontaktieren Sie uns<\/span>\n\t\t\t\t\t<\/span>\n\t\t\t\t\t<\/a>\n\t\t\t\t<\/div>\n\t\t\t\t\t\t\t\t<\/div>\n\t\t\t\t<\/div>\n\t\t\t\t<\/div>\n\t\t\t\t\t<\/div>\n\t\t\t\t<\/div>\n\t\t\t\t<\/div>\n\t\t","protected":false},"excerpt":{"rendered":"<p>Leistungen Qualit\u00e4t Der Name Kabelbau steht f\u00fcr ein breit gef\u00e4chertes Spektrum an qualitativ hochwertigen Bauleistungen. Wir arbeiten ausschlie\u00dflich mit bestens qualifiziertem Fachpersonal. Seit 2004 geh\u00f6ren wir dem Verein Bauen mit Innungsqualit\u00e4t e.V. an. Dahinter steht eine Qualit\u00e4tsgemeinschaft mittelst\u00e4ndischer Bauunternehmen. In dieser haben sich seit der Gr\u00fcndung 2001 rund 150 Innungsbetriebe der Initiative des Bayerischen Baugewerbeverbandes [&hellip;]<\/p>\n","protected":false},"author":1,"featured_media":0,"parent":0,"menu_order":0,"comment_status":"closed","ping_status":"closed","template":"","meta":{"footnotes":""},"class_list":["post-148","page","type-page","status-publish","hentry"],"_links":{"self":[{"href":"https:\/\/kabel-bau.de\/index.php\/wp-json\/wp\/v2\/pages\/148","targetHints":{"allow":["GET"]}}],"collection":[{"href":"https:\/\/kabel-bau.de\/index.php\/wp-json\/wp\/v2\/pages"}],"about":[{"href":"https:\/\/kabel-bau.de\/index.php\/wp-json\/wp\/v2\/types\/page"}],"author":[{"embeddable":true,"href":"https:\/\/kabel-bau.de\/index.php\/wp-json\/wp\/v2\/users\/1"}],"replies":[{"embeddable":true,"href":"https:\/\/kabel-bau.de\/index.php\/wp-json\/wp\/v2\/comments?post=148"}],"version-history":[{"count":15,"href":"https:\/\/kabel-bau.de\/index.php\/wp-json\/wp\/v2\/pages\/148\/revisions"}],"predecessor-version":[{"id":1149,"href":"https:\/\/kabel-bau.de\/index.php\/wp-json\/wp\/v2\/pages\/148\/revisions\/1149"}],"wp:attachment":[{"href":"https:\/\/kabel-bau.de\/index.php\/wp-json\/wp\/v2\/media?parent=148"}],"curies":[{"name":"wp","href":"https:\/\/api.w.org\/{rel}","templated":true}]}}