{"id":171,"date":"2023-10-23T14:24:59","date_gmt":"2023-10-23T14:24:59","guid":{"rendered":"https:\/\/heuristic-engelbart.157-90-23-119.plesk.page\/?page_id=171"},"modified":"2025-07-28T11:41:56","modified_gmt":"2025-07-28T11:41:56","slug":"historie-2","status":"publish","type":"page","link":"https:\/\/kabel-bau.de\/index.php\/historie-2\/","title":{"rendered":"Ansprechpartner"},"content":{"rendered":"\t\t<div data-elementor-type=\"wp-page\" data-elementor-id=\"171\" class=\"elementor elementor-171\" data-elementor-post-type=\"page\">\n\t\t\t\t<div class=\"elementor-element elementor-element-0fe2e4a e-flex e-con-boxed e-con e-child\" data-id=\"0fe2e4a\" data-element_type=\"container\" data-e-type=\"container\" data-settings=\"{&quot;background_background&quot;:&quot;classic&quot;}\">\n\t\t\t\t\t<div class=\"e-con-inner\">\n\t\t<div class=\"elementor-element elementor-element-b3f60f7 e-flex e-con-boxed e-con e-child\" data-id=\"b3f60f7\" data-element_type=\"container\" data-e-type=\"container\">\n\t\t\t\t\t<div class=\"e-con-inner\">\n\t\t\t\t<div class=\"elementor-element elementor-element-a03f383 elementor-widget elementor-widget-heading\" data-id=\"a03f383\" data-element_type=\"widget\" data-e-type=\"widget\" data-widget_type=\"heading.default\">\n\t\t\t\t<div class=\"elementor-widget-container\">\n\t\t\t\t\t<h1 class=\"elementor-heading-title elementor-size-default\">Ansprechpartner<\/h1>\t\t\t\t<\/div>\n\t\t\t\t<\/div>\n\t\t\t\t<div class=\"elementor-element elementor-element-70c26cc elementor-widget elementor-widget-heading\" data-id=\"70c26cc\" data-element_type=\"widget\" data-e-type=\"widget\" data-widget_type=\"heading.default\">\n\t\t\t\t<div class=\"elementor-widget-container\">\n\t\t\t\t\t<h2 class=\"elementor-heading-title elementor-size-default\">In unserer Firmengruppe stehen Ihnen erfahrene Fachleute zur Verf\u00fcgung.\n<\/h2>\t\t\t\t<\/div>\n\t\t\t\t<\/div>\n\t\t\t\t\t<\/div>\n\t\t\t\t<\/div>\n\t\t<div class=\"elementor-element elementor-element-199ef06 e-flex e-con-boxed e-con e-child\" data-id=\"199ef06\" data-element_type=\"container\" data-e-type=\"container\">\n\t\t\t\t\t<div class=\"e-con-inner\">\n\t\t<div class=\"elementor-element elementor-element-5f3565d e-flex e-con-boxed e-con e-child\" data-id=\"5f3565d\" data-element_type=\"container\" data-e-type=\"container\">\n\t\t\t\t\t<div class=\"e-con-inner\">\n\t\t\t\t<div class=\"elementor-element elementor-element-3782d63 elementor-widget elementor-widget-image\" data-id=\"3782d63\" data-element_type=\"widget\" data-e-type=\"widget\" data-widget_type=\"image.default\">\n\t\t\t\t<div class=\"elementor-widget-container\">\n\t\t\t\t\t\t\t\t\t\t\t\t\t\t\t<img fetchpriority=\"high\" decoding=\"async\" width=\"396\" height=\"396\" src=\"https:\/\/kabel-bau.de\/wp-content\/uploads\/2023\/10\/benjamin-kabel.jpg\" class=\"attachment-large size-large wp-image-176\" alt=\"Foto Benjamin Kabel\" srcset=\"https:\/\/kabel-bau.de\/wp-content\/uploads\/2023\/10\/benjamin-kabel.jpg 396w, https:\/\/kabel-bau.de\/wp-content\/uploads\/2023\/10\/benjamin-kabel-300x300.jpg 300w, https:\/\/kabel-bau.de\/wp-content\/uploads\/2023\/10\/benjamin-kabel-150x150.jpg 150w\" sizes=\"(max-width: 396px) 100vw, 396px\" title=\"\">\t\t\t\t\t\t\t\t\t\t\t\t\t\t\t<\/div>\n\t\t\t\t<\/div>\n\t\t\t\t<div class=\"elementor-element elementor-element-a55a1c3 elementor-widget elementor-widget-heading\" data-id=\"a55a1c3\" data-element_type=\"widget\" data-e-type=\"widget\" data-widget_type=\"heading.default\">\n\t\t\t\t<div class=\"elementor-widget-container\">\n\t\t\t\t\t<h3 class=\"elementor-heading-title elementor-size-default\">BENJAMIN KABEL\n<\/h3>\t\t\t\t<\/div>\n\t\t\t\t<\/div>\n\t\t\t\t<div class=\"elementor-element elementor-element-79e6b18 elementor-widget elementor-widget-heading\" data-id=\"79e6b18\" data-element_type=\"widget\" data-e-type=\"widget\" data-widget_type=\"heading.default\">\n\t\t\t\t<div class=\"elementor-widget-container\">\n\t\t\t\t\t<h2 class=\"elementor-heading-title elementor-size-default\">Maurermeister<\/h2>\t\t\t\t<\/div>\n\t\t\t\t<\/div>\n\t\t\t\t<div class=\"elementor-element elementor-element-faf69d0 elementor-widget elementor-widget-heading\" data-id=\"faf69d0\" data-element_type=\"widget\" data-e-type=\"widget\" data-widget_type=\"heading.default\">\n\t\t\t\t<div class=\"elementor-widget-container\">\n\t\t\t\t\t<h4 class=\"elementor-heading-title elementor-size-default\">Gesch\u00e4ftsf\u00fchrung<\/h4>\t\t\t\t<\/div>\n\t\t\t\t<\/div>\n\t\t\t\t<div class=\"elementor-element elementor-element-9b22f32 elementor-widget elementor-widget-text-editor\" data-id=\"9b22f32\" data-element_type=\"widget\" data-e-type=\"widget\" data-widget_type=\"text-editor.default\">\n\t\t\t\t<div class=\"elementor-widget-container\">\n\t\t\t\t\t\t\t\t\t<p><strong>E-Mail: <\/strong><span style=\"color: #bd0c1d;\"><a style=\"color: #bd0c1d;\" href=\"mailto:benjamin.kabel@kabel-bau.de\">benjamin.kabel@kabel-bau.de<\/a><\/span><br \/><strong>Telefon: <\/strong><span style=\"color: #bd0c1d;\"><a style=\"color: #bd0c1d;\" href=\"tel:09374 1294\">+49 (0) 9374 1294<\/a><\/span><\/p>\t\t\t\t\t\t\t\t<\/div>\n\t\t\t\t<\/div>\n\t\t\t\t\t<\/div>\n\t\t\t\t<\/div>\n\t\t<div class=\"elementor-element elementor-element-2dcbf94 e-flex e-con-boxed e-con e-child\" data-id=\"2dcbf94\" data-element_type=\"container\" data-e-type=\"container\">\n\t\t\t\t\t<div class=\"e-con-inner\">\n\t\t\t\t<div class=\"elementor-element elementor-element-76ff39b elementor-widget elementor-widget-image\" data-id=\"76ff39b\" data-element_type=\"widget\" data-e-type=\"widget\" data-widget_type=\"image.default\">\n\t\t\t\t<div class=\"elementor-widget-container\">\n\t\t\t\t\t\t\t\t\t\t\t\t\t\t\t<img decoding=\"async\" width=\"396\" height=\"396\" src=\"https:\/\/kabel-bau.de\/wp-content\/uploads\/2023\/10\/jonathan-kabel.jpg\" class=\"attachment-large size-large wp-image-177\" alt=\"Foto Jonathan Kabel\" srcset=\"https:\/\/kabel-bau.de\/wp-content\/uploads\/2023\/10\/jonathan-kabel.jpg 396w, https:\/\/kabel-bau.de\/wp-content\/uploads\/2023\/10\/jonathan-kabel-300x300.jpg 300w, https:\/\/kabel-bau.de\/wp-content\/uploads\/2023\/10\/jonathan-kabel-150x150.jpg 150w\" sizes=\"(max-width: 396px) 100vw, 396px\" title=\"\">\t\t\t\t\t\t\t\t\t\t\t\t\t\t\t<\/div>\n\t\t\t\t<\/div>\n\t\t\t\t<div class=\"elementor-element elementor-element-23fe4cf elementor-widget elementor-widget-heading\" data-id=\"23fe4cf\" data-element_type=\"widget\" data-e-type=\"widget\" data-widget_type=\"heading.default\">\n\t\t\t\t<div class=\"elementor-widget-container\">\n\t\t\t\t\t<h3 class=\"elementor-heading-title elementor-size-default\">JONATHAN KABEL<\/h3>\t\t\t\t<\/div>\n\t\t\t\t<\/div>\n\t\t\t\t<div class=\"elementor-element elementor-element-69238e7 elementor-widget elementor-widget-heading\" data-id=\"69238e7\" data-element_type=\"widget\" data-e-type=\"widget\" data-widget_type=\"heading.default\">\n\t\t\t\t<div class=\"elementor-widget-container\">\n\t\t\t\t\t<h2 class=\"elementor-heading-title elementor-size-default\">B\u00fcrokaufmann<\/h2>\t\t\t\t<\/div>\n\t\t\t\t<\/div>\n\t\t\t\t<div class=\"elementor-element elementor-element-e775595 elementor-widget elementor-widget-heading\" data-id=\"e775595\" data-element_type=\"widget\" data-e-type=\"widget\" data-widget_type=\"heading.default\">\n\t\t\t\t<div class=\"elementor-widget-container\">\n\t\t\t\t\t<h4 class=\"elementor-heading-title elementor-size-default\">Gesch\u00e4ftsf\u00fchrung<\/h4>\t\t\t\t<\/div>\n\t\t\t\t<\/div>\n\t\t\t\t<div class=\"elementor-element elementor-element-df97f8b elementor-widget elementor-widget-text-editor\" data-id=\"df97f8b\" data-element_type=\"widget\" data-e-type=\"widget\" data-widget_type=\"text-editor.default\">\n\t\t\t\t<div class=\"elementor-widget-container\">\n\t\t\t\t\t\t\t\t\t<p><strong>E-Mail: <\/strong><span style=\"color: #bd0c1d;\"><a style=\"color: #bd0c1d;\" href=\"mailto:jonathan.kabel@kabel-bau.de\">jonathan.kabel@kabel-bau.de<\/a><\/span><br \/><strong>Telefon: <\/strong><span style=\"color: #bd0c1d;\"><a style=\"color: #bd0c1d;\" href=\"tel:09374 1294\">+49 (0) 9374 1294<\/a><\/span><\/p>\t\t\t\t\t\t\t\t<\/div>\n\t\t\t\t<\/div>\n\t\t\t\t\t<\/div>\n\t\t\t\t<\/div>\n\t\t<div class=\"elementor-element elementor-element-aba1c9d e-flex e-con-boxed e-con e-child\" data-id=\"aba1c9d\" data-element_type=\"container\" data-e-type=\"container\">\n\t\t\t\t\t<div class=\"e-con-inner\">\n\t\t\t\t<div class=\"elementor-element elementor-element-653ecfc elementor-widget elementor-widget-image\" data-id=\"653ecfc\" data-element_type=\"widget\" data-e-type=\"widget\" data-widget_type=\"image.default\">\n\t\t\t\t<div class=\"elementor-widget-container\">\n\t\t\t\t\t\t\t\t\t\t\t\t\t\t\t<img decoding=\"async\" width=\"396\" height=\"396\" src=\"https:\/\/kabel-bau.de\/wp-content\/uploads\/2023\/10\/martina_kabel-rueckert.jpg\" class=\"attachment-large size-large wp-image-178\" alt=\"Foto Martina Kabel-R\u00fcckert\" srcset=\"https:\/\/kabel-bau.de\/wp-content\/uploads\/2023\/10\/martina_kabel-rueckert.jpg 396w, https:\/\/kabel-bau.de\/wp-content\/uploads\/2023\/10\/martina_kabel-rueckert-300x300.jpg 300w, https:\/\/kabel-bau.de\/wp-content\/uploads\/2023\/10\/martina_kabel-rueckert-150x150.jpg 150w\" sizes=\"(max-width: 396px) 100vw, 396px\" title=\"\">\t\t\t\t\t\t\t\t\t\t\t\t\t\t\t<\/div>\n\t\t\t\t<\/div>\n\t\t\t\t<div class=\"elementor-element elementor-element-6c23b48 elementor-widget elementor-widget-heading\" data-id=\"6c23b48\" data-element_type=\"widget\" data-e-type=\"widget\" data-widget_type=\"heading.default\">\n\t\t\t\t<div class=\"elementor-widget-container\">\n\t\t\t\t\t<h3 class=\"elementor-heading-title elementor-size-default\">MARTINA KABEL-R\u00dcCKERT\n<\/h3>\t\t\t\t<\/div>\n\t\t\t\t<\/div>\n\t\t\t\t<div class=\"elementor-element elementor-element-83e6f31 elementor-widget elementor-widget-heading\" data-id=\"83e6f31\" data-element_type=\"widget\" data-e-type=\"widget\" data-widget_type=\"heading.default\">\n\t\t\t\t<div class=\"elementor-widget-container\">\n\t\t\t\t\t<h2 class=\"elementor-heading-title elementor-size-default\">Betriebswirtin des Handwerks\n<\/h2>\t\t\t\t<\/div>\n\t\t\t\t<\/div>\n\t\t\t\t<div class=\"elementor-element elementor-element-3969aaf elementor-widget elementor-widget-text-editor\" data-id=\"3969aaf\" data-element_type=\"widget\" data-e-type=\"widget\" data-widget_type=\"text-editor.default\">\n\t\t\t\t<div class=\"elementor-widget-container\">\n\t\t\t\t\t\t\t\t\t<p><strong>E-Mail: <\/strong><span style=\"color: #bd0c1d;\"><a style=\"color: #bd0c1d;\" href=\"mailto:martina.kabel@kabel-bau.de\">martina.kabel@kabel-bau.de<\/a><\/span><br \/><strong>Telefon: <\/strong><span style=\"color: #bd0c1d;\"><a style=\"color: #bd0c1d;\" href=\"tel:09374 1294\">+49 (0) 9374 1294<\/a><\/span><\/p>\t\t\t\t\t\t\t\t<\/div>\n\t\t\t\t<\/div>\n\t\t\t\t\t<\/div>\n\t\t\t\t<\/div>\n\t\t\t\t\t<\/div>\n\t\t\t\t<\/div>\n\t\t\t\t\t<\/div>\n\t\t\t\t<\/div>\n\t\t\t\t<\/div>\n\t\t","protected":false},"excerpt":{"rendered":"<p>Ansprechpartner In unserer Firmengruppe stehen Ihnen erfahrene Fachleute zur Verf\u00fcgung. BENJAMIN KABEL Maurermeister Gesch\u00e4ftsf\u00fchrung E-Mail: benjamin.kabel@kabel-bau.deTelefon: +49 (0) 9374 1294 JONATHAN KABEL B\u00fcrokaufmann Gesch\u00e4ftsf\u00fchrung E-Mail: jonathan.kabel@kabel-bau.deTelefon: +49 (0) 9374 1294 MARTINA KABEL-R\u00dcCKERT Betriebswirtin des Handwerks E-Mail: martina.kabel@kabel-bau.deTelefon: +49 (0) 9374 1294<\/p>\n","protected":false},"author":1,"featured_media":0,"parent":0,"menu_order":0,"comment_status":"closed","ping_status":"closed","template":"","meta":{"footnotes":""},"class_list":["post-171","page","type-page","status-publish","hentry"],"_links":{"self":[{"href":"https:\/\/kabel-bau.de\/index.php\/wp-json\/wp\/v2\/pages\/171","targetHints":{"allow":["GET"]}}],"collection":[{"href":"https:\/\/kabel-bau.de\/index.php\/wp-json\/wp\/v2\/pages"}],"about":[{"href":"https:\/\/kabel-bau.de\/index.php\/wp-json\/wp\/v2\/types\/page"}],"author":[{"embeddable":true,"href":"https:\/\/kabel-bau.de\/index.php\/wp-json\/wp\/v2\/users\/1"}],"replies":[{"embeddable":true,"href":"https:\/\/kabel-bau.de\/index.php\/wp-json\/wp\/v2\/comments?post=171"}],"version-history":[{"count":24,"href":"https:\/\/kabel-bau.de\/index.php\/wp-json\/wp\/v2\/pages\/171\/revisions"}],"predecessor-version":[{"id":1107,"href":"https:\/\/kabel-bau.de\/index.php\/wp-json\/wp\/v2\/pages\/171\/revisions\/1107"}],"wp:attachment":[{"href":"https:\/\/kabel-bau.de\/index.php\/wp-json\/wp\/v2\/media?parent=171"}],"curies":[{"name":"wp","href":"https:\/\/api.w.org\/{rel}","templated":true}]}}