{"id":235,"date":"2023-10-23T14:52:35","date_gmt":"2023-10-23T14:52:35","guid":{"rendered":"https:\/\/heuristic-engelbart.157-90-23-119.plesk.page\/?page_id=235"},"modified":"2025-07-28T11:43:05","modified_gmt":"2025-07-28T11:43:05","slug":"historie","status":"publish","type":"page","link":"https:\/\/kabel-bau.de\/index.php\/historie\/","title":{"rendered":"Historie"},"content":{"rendered":"\t\t<div data-elementor-type=\"wp-page\" data-elementor-id=\"235\" class=\"elementor elementor-235\" data-elementor-post-type=\"page\">\n\t\t\t\t<div class=\"elementor-element elementor-element-cf3c50d e-flex e-con-boxed e-con e-parent\" data-id=\"cf3c50d\" data-element_type=\"container\" data-e-type=\"container\">\n\t\t\t\t\t<div class=\"e-con-inner\">\n\t\t<div class=\"elementor-element elementor-element-acd7b6d e-flex e-con-boxed e-con e-child\" data-id=\"acd7b6d\" data-element_type=\"container\" data-e-type=\"container\" data-settings=\"{&quot;background_background&quot;:&quot;classic&quot;}\">\n\t\t\t\t\t<div class=\"e-con-inner\">\n\t\t\t\t<div class=\"elementor-element elementor-element-9f6c935 elementor-widget elementor-widget-heading\" data-id=\"9f6c935\" data-element_type=\"widget\" data-e-type=\"widget\" data-widget_type=\"heading.default\">\n\t\t\t\t<div class=\"elementor-widget-container\">\n\t\t\t\t\t<h1 class=\"elementor-heading-title elementor-size-default\">Historie<\/h1>\t\t\t\t<\/div>\n\t\t\t\t<\/div>\n\t\t<div class=\"elementor-element elementor-element-269dd9c e-flex e-con-boxed e-con e-child\" data-id=\"269dd9c\" data-element_type=\"container\" data-e-type=\"container\">\n\t\t\t\t\t<div class=\"e-con-inner\">\n\t\t\t\t<div class=\"elementor-element elementor-element-da34169 elementor-widget elementor-widget-heading\" data-id=\"da34169\" data-element_type=\"widget\" data-e-type=\"widget\" data-widget_type=\"heading.default\">\n\t\t\t\t<div class=\"elementor-widget-container\">\n\t\t\t\t\t<h2 class=\"elementor-heading-title elementor-size-default\">2019<\/h2>\t\t\t\t<\/div>\n\t\t\t\t<\/div>\n\t\t\t\t<div class=\"elementor-element elementor-element-f53fe3e elementor-widget elementor-widget-text-editor\" data-id=\"f53fe3e\" data-element_type=\"widget\" data-e-type=\"widget\" data-widget_type=\"text-editor.default\">\n\t\t\t\t<div class=\"elementor-widget-container\">\n\t\t\t\t\t\t\t\t\tUm die hohen Verwaltungskosten f\u00fcr 4 Baut\u00e4tigkeiten verrichtende Kollonnen so effizient wie m\u00f6glich zu gestalten, wurde entschieden die Firma KR Kabel Bau GmbH zu schlie\u00dfen. Unsere Firmengruppe besteht somit nun aus zwei ausf\u00fchrenden Baufirmen, die unter gemeinsamer F\u00fchrung anstehende Bauprojekte erstellen und betreuen.\n\n\t\t\t\t\t\t\t\t<\/div>\n\t\t\t\t<\/div>\n\t\t\t\t\t<\/div>\n\t\t\t\t<\/div>\n\t\t<div class=\"elementor-element elementor-element-1414fbe e-flex e-con-boxed e-con e-child\" data-id=\"1414fbe\" data-element_type=\"container\" data-e-type=\"container\">\n\t\t\t\t\t<div class=\"e-con-inner\">\n\t\t\t\t<div class=\"elementor-element elementor-element-bb023bb elementor-widget elementor-widget-heading\" data-id=\"bb023bb\" data-element_type=\"widget\" data-e-type=\"widget\" data-widget_type=\"heading.default\">\n\t\t\t\t<div class=\"elementor-widget-container\">\n\t\t\t\t\t<h2 class=\"elementor-heading-title elementor-size-default\">2018<\/h2>\t\t\t\t<\/div>\n\t\t\t\t<\/div>\n\t\t\t\t<div class=\"elementor-element elementor-element-6b72298 elementor-widget elementor-widget-text-editor\" data-id=\"6b72298\" data-element_type=\"widget\" data-e-type=\"widget\" data-widget_type=\"text-editor.default\">\n\t\t\t\t<div class=\"elementor-widget-container\">\n\t\t\t\t\t\t\t\t\tMitte 2018 wurde die Firma Kabel Wohnbau GmbH gegr\u00fcndet und in die Kabel Firmengruppe eingebunden. Hier\u00fcber werden Bauobjekte von Einfamilien- und auch kleineren Mehrfamilienwohnh\u00e4usern auch \u00fcber den Rohbau hinaus betreut.\n\n\t\t\t\t\t\t\t\t<\/div>\n\t\t\t\t<\/div>\n\t\t\t\t\t<\/div>\n\t\t\t\t<\/div>\n\t\t<div class=\"elementor-element elementor-element-3b2de49 e-flex e-con-boxed e-con e-child\" data-id=\"3b2de49\" data-element_type=\"container\" data-e-type=\"container\">\n\t\t\t\t\t<div class=\"e-con-inner\">\n\t\t\t\t<div class=\"elementor-element elementor-element-a566390 elementor-widget elementor-widget-heading\" data-id=\"a566390\" data-element_type=\"widget\" data-e-type=\"widget\" data-widget_type=\"heading.default\">\n\t\t\t\t<div class=\"elementor-widget-container\">\n\t\t\t\t\t<h2 class=\"elementor-heading-title elementor-size-default\">2011<\/h2>\t\t\t\t<\/div>\n\t\t\t\t<\/div>\n\t\t\t\t<div class=\"elementor-element elementor-element-0196c93 elementor-widget elementor-widget-text-editor\" data-id=\"0196c93\" data-element_type=\"widget\" data-e-type=\"widget\" data-widget_type=\"text-editor.default\">\n\t\t\t\t<div class=\"elementor-widget-container\">\n\t\t\t\t\t\t\t\t\terfolgt eine Neuausrichtung des Unternehmens. Die Firmengruppe erh\u00e4lt ein neues Firmenlogo. Ein neuer Internetauftritt und weitere Kommunikationsma\u00dfnahmen treiben die verbesserte Au\u00dfendarstellung z\u00fcgig voran. Mittlerweile sind 5 Maurerkolonnen im Auftrag der Kabelbau Firmengruppe unterwegs.\n\n\t\t\t\t\t\t\t\t<\/div>\n\t\t\t\t<\/div>\n\t\t\t\t\t<\/div>\n\t\t\t\t<\/div>\n\t\t<div class=\"elementor-element elementor-element-c396fb5 e-flex e-con-boxed e-con e-child\" data-id=\"c396fb5\" data-element_type=\"container\" data-e-type=\"container\">\n\t\t\t\t\t<div class=\"e-con-inner\">\n\t\t\t\t<div class=\"elementor-element elementor-element-e313ca9 elementor-widget elementor-widget-heading\" data-id=\"e313ca9\" data-element_type=\"widget\" data-e-type=\"widget\" data-widget_type=\"heading.default\">\n\t\t\t\t<div class=\"elementor-widget-container\">\n\t\t\t\t\t<h2 class=\"elementor-heading-title elementor-size-default\">2010<\/h2>\t\t\t\t<\/div>\n\t\t\t\t<\/div>\n\t\t\t\t<div class=\"elementor-element elementor-element-fb9495b elementor-widget elementor-widget-text-editor\" data-id=\"fb9495b\" data-element_type=\"widget\" data-e-type=\"widget\" data-widget_type=\"text-editor.default\">\n\t\t\t\t<div class=\"elementor-widget-container\">\n\t\t\t\t\t\t\t\t\t\u00fcbernimmt Jonathan Kabel die kaufm\u00e4nnische Leitung der Kabelgruppe.\n\n\t\t\t\t\t\t\t\t<\/div>\n\t\t\t\t<\/div>\n\t\t\t\t\t<\/div>\n\t\t\t\t<\/div>\n\t\t<div class=\"elementor-element elementor-element-dc59b4a e-flex e-con-boxed e-con e-child\" data-id=\"dc59b4a\" data-element_type=\"container\" data-e-type=\"container\">\n\t\t\t\t\t<div class=\"e-con-inner\">\n\t\t\t\t<div class=\"elementor-element elementor-element-b5034a3 elementor-widget elementor-widget-heading\" data-id=\"b5034a3\" data-element_type=\"widget\" data-e-type=\"widget\" data-widget_type=\"heading.default\">\n\t\t\t\t<div class=\"elementor-widget-container\">\n\t\t\t\t\t<h2 class=\"elementor-heading-title elementor-size-default\">2008\n<\/h2>\t\t\t\t<\/div>\n\t\t\t\t<\/div>\n\t\t\t\t<div class=\"elementor-element elementor-element-4450a85 elementor-widget elementor-widget-text-editor\" data-id=\"4450a85\" data-element_type=\"widget\" data-e-type=\"widget\" data-widget_type=\"text-editor.default\">\n\t\t\t\t<div class=\"elementor-widget-container\">\n\t\t\t\t\t\t\t\t\t<p>legt Benjamin Kabel die Meisterpr\u00fcfung im Maurerhandwerk mit Auszeichnung ab.<\/p>\t\t\t\t\t\t\t\t<\/div>\n\t\t\t\t<\/div>\n\t\t\t\t\t<\/div>\n\t\t\t\t<\/div>\n\t\t<div class=\"elementor-element elementor-element-bf2675c e-flex e-con-boxed e-con e-child\" data-id=\"bf2675c\" data-element_type=\"container\" data-e-type=\"container\">\n\t\t\t\t\t<div class=\"e-con-inner\">\n\t\t\t\t<div class=\"elementor-element elementor-element-03cf714 elementor-widget elementor-widget-heading\" data-id=\"03cf714\" data-element_type=\"widget\" data-e-type=\"widget\" data-widget_type=\"heading.default\">\n\t\t\t\t<div class=\"elementor-widget-container\">\n\t\t\t\t\t<h2 class=\"elementor-heading-title elementor-size-default\">2006<\/h2>\t\t\t\t<\/div>\n\t\t\t\t<\/div>\n\t\t\t\t<div class=\"elementor-element elementor-element-faeeee8 elementor-widget elementor-widget-text-editor\" data-id=\"faeeee8\" data-element_type=\"widget\" data-e-type=\"widget\" data-widget_type=\"text-editor.default\">\n\t\t\t\t<div class=\"elementor-widget-container\">\n\t\t\t\t\t\t\t\t\twird die Firma KR Kabel Bau GmbH gegr\u00fcndet. Die Gesellschaft ist ab diesem Zeitpunkt zusammen mit der Beka Bau GmbH f\u00fcr das operative Gesch\u00e4ft verantwortlich. Die Mutterfirma Kabel GmbH fungiert als Personalleasinggesellschaft f\u00fcr die beiden operativen Gesellschaften.\n\n\t\t\t\t\t\t\t\t<\/div>\n\t\t\t\t<\/div>\n\t\t\t\t\t<\/div>\n\t\t\t\t<\/div>\n\t\t<div class=\"elementor-element elementor-element-38bc42b e-flex e-con-boxed e-con e-child\" data-id=\"38bc42b\" data-element_type=\"container\" data-e-type=\"container\">\n\t\t\t\t\t<div class=\"e-con-inner\">\n\t\t\t\t<div class=\"elementor-element elementor-element-1896ff7 elementor-widget elementor-widget-heading\" data-id=\"1896ff7\" data-element_type=\"widget\" data-e-type=\"widget\" data-widget_type=\"heading.default\">\n\t\t\t\t<div class=\"elementor-widget-container\">\n\t\t\t\t\t<h2 class=\"elementor-heading-title elementor-size-default\">2004<\/h2>\t\t\t\t<\/div>\n\t\t\t\t<\/div>\n\t\t\t\t<div class=\"elementor-element elementor-element-b7d4b72 elementor-widget elementor-widget-text-editor\" data-id=\"b7d4b72\" data-element_type=\"widget\" data-e-type=\"widget\" data-widget_type=\"text-editor.default\">\n\t\t\t\t<div class=\"elementor-widget-container\">\n\t\t\t\t\t\t\t\t\t<p>treten die S\u00f6hne Jonathan und Benjamin Kabel in das Unternehmen ein.<\/p>\t\t\t\t\t\t\t\t<\/div>\n\t\t\t\t<\/div>\n\t\t\t\t\t<\/div>\n\t\t\t\t<\/div>\n\t\t<div class=\"elementor-element elementor-element-ba1b3b0 e-flex e-con-boxed e-con e-child\" data-id=\"ba1b3b0\" data-element_type=\"container\" data-e-type=\"container\">\n\t\t\t\t\t<div class=\"e-con-inner\">\n\t\t\t\t<div class=\"elementor-element elementor-element-2447902 elementor-widget elementor-widget-heading\" data-id=\"2447902\" data-element_type=\"widget\" data-e-type=\"widget\" data-widget_type=\"heading.default\">\n\t\t\t\t<div class=\"elementor-widget-container\">\n\t\t\t\t\t<h2 class=\"elementor-heading-title elementor-size-default\">2000<\/h2>\t\t\t\t<\/div>\n\t\t\t\t<\/div>\n\t\t\t\t<div class=\"elementor-element elementor-element-6106f7f elementor-widget elementor-widget-text-editor\" data-id=\"6106f7f\" data-element_type=\"widget\" data-e-type=\"widget\" data-widget_type=\"text-editor.default\">\n\t\t\t\t<div class=\"elementor-widget-container\">\n\t\t\t\t\t\t\t\t\twird die Firma Beka Bau GmbH (Beka steht f\u00fcr Benjamin Kabel) gegr\u00fcndet, um damit die Auftr\u00e4ge im S\u00fcdhessischen Raum sowie im angrenzenden Rhein\/Main-Gebiet abzudecken.\n\n\t\t\t\t\t\t\t\t<\/div>\n\t\t\t\t<\/div>\n\t\t\t\t\t<\/div>\n\t\t\t\t<\/div>\n\t\t<div class=\"elementor-element elementor-element-5b21226 e-flex e-con-boxed e-con e-child\" data-id=\"5b21226\" data-element_type=\"container\" data-e-type=\"container\">\n\t\t\t\t\t<div class=\"e-con-inner\">\n\t\t\t\t<div class=\"elementor-element elementor-element-848d53a elementor-widget elementor-widget-heading\" data-id=\"848d53a\" data-element_type=\"widget\" data-e-type=\"widget\" data-widget_type=\"heading.default\">\n\t\t\t\t<div class=\"elementor-widget-container\">\n\t\t\t\t\t<h2 class=\"elementor-heading-title elementor-size-default\">1991<\/h2>\t\t\t\t<\/div>\n\t\t\t\t<\/div>\n\t\t\t\t<div class=\"elementor-element elementor-element-d775021 elementor-widget elementor-widget-text-editor\" data-id=\"d775021\" data-element_type=\"widget\" data-e-type=\"widget\" data-widget_type=\"text-editor.default\">\n\t\t\t\t<div class=\"elementor-widget-container\">\n\t\t\t\t\t\t\t\t\tw\u00e4chst die Anzahl der Mitarbeiter kontinuierlich, anstelle von zwei sind nun bereits 3 Maurerkolonnen aktiv.\n\n\t\t\t\t\t\t\t\t<\/div>\n\t\t\t\t<\/div>\n\t\t\t\t\t<\/div>\n\t\t\t\t<\/div>\n\t\t<div class=\"elementor-element elementor-element-c52f2d8 e-flex e-con-boxed e-con e-child\" data-id=\"c52f2d8\" data-element_type=\"container\" data-e-type=\"container\">\n\t\t\t\t\t<div class=\"e-con-inner\">\n\t\t\t\t<div class=\"elementor-element elementor-element-5e7df89 elementor-widget elementor-widget-heading\" data-id=\"5e7df89\" data-element_type=\"widget\" data-e-type=\"widget\" data-widget_type=\"heading.default\">\n\t\t\t\t<div class=\"elementor-widget-container\">\n\t\t\t\t\t<h2 class=\"elementor-heading-title elementor-size-default\">1990<\/h2>\t\t\t\t<\/div>\n\t\t\t\t<\/div>\n\t\t\t\t<div class=\"elementor-element elementor-element-76c9d80 elementor-widget elementor-widget-text-editor\" data-id=\"76c9d80\" data-element_type=\"widget\" data-e-type=\"widget\" data-widget_type=\"text-editor.default\">\n\t\t\t\t<div class=\"elementor-widget-container\">\n\t\t\t\t\t\t\t\t\tstirbt Klaus Kabel und dessen Frau Martina Kabel-R\u00fcckert \u00fcbernimmt die Firmenleitung. Es erfolgt ein Neubau des heutigen Firmengeb\u00e4udes in Elsavastra\u00dfe 7, welches 1991 bezogen wird.\t\t\t\t\t\t\t\t<\/div>\n\t\t\t\t<\/div>\n\t\t\t\t\t<\/div>\n\t\t\t\t<\/div>\n\t\t<div class=\"elementor-element elementor-element-ca84edb e-flex e-con-boxed e-con e-child\" data-id=\"ca84edb\" data-element_type=\"container\" data-e-type=\"container\">\n\t\t\t\t\t<div class=\"e-con-inner\">\n\t\t\t\t<div class=\"elementor-element elementor-element-22600f1 elementor-widget elementor-widget-heading\" data-id=\"22600f1\" data-element_type=\"widget\" data-e-type=\"widget\" data-widget_type=\"heading.default\">\n\t\t\t\t<div class=\"elementor-widget-container\">\n\t\t\t\t\t<h2 class=\"elementor-heading-title elementor-size-default\">1977<\/h2>\t\t\t\t<\/div>\n\t\t\t\t<\/div>\n\t\t\t\t<div class=\"elementor-element elementor-element-8edcaac elementor-widget elementor-widget-text-editor\" data-id=\"8edcaac\" data-element_type=\"widget\" data-e-type=\"widget\" data-widget_type=\"text-editor.default\">\n\t\t\t\t<div class=\"elementor-widget-container\">\n\t\t\t\t\t\t\t\t\t\u00fcbernimmt Sohn Klaus Kabel die Gesch\u00e4ftsleitung und firmiert fortan als Kabel GmbH Bauunternehmen. Daneben wird Firma Klaus Kabel-Vermietung als separate Gesellschaft ausgegliedert.\n\n\t\t\t\t\t\t\t\t<\/div>\n\t\t\t\t<\/div>\n\t\t\t\t\t<\/div>\n\t\t\t\t<\/div>\n\t\t<div class=\"elementor-element elementor-element-901f221 e-flex e-con-boxed e-con e-child\" data-id=\"901f221\" data-element_type=\"container\" data-e-type=\"container\">\n\t\t\t\t\t<div class=\"e-con-inner\">\n\t\t\t\t<div class=\"elementor-element elementor-element-9cda083 elementor-widget elementor-widget-heading\" data-id=\"9cda083\" data-element_type=\"widget\" data-e-type=\"widget\" data-widget_type=\"heading.default\">\n\t\t\t\t<div class=\"elementor-widget-container\">\n\t\t\t\t\t<h2 class=\"elementor-heading-title elementor-size-default\">1948<\/h2>\t\t\t\t<\/div>\n\t\t\t\t<\/div>\n\t\t\t\t<div class=\"elementor-element elementor-element-543ed8b elementor-widget elementor-widget-text-editor\" data-id=\"543ed8b\" data-element_type=\"widget\" data-e-type=\"widget\" data-widget_type=\"text-editor.default\">\n\t\t\t\t<div class=\"elementor-widget-container\">\n\t\t\t\t\t\t\t\t\tgr\u00fcndet Maurermeister Peter Kabel das Unternehmen als Firma Peter Kabel.\n\n\t\t\t\t\t\t\t\t<\/div>\n\t\t\t\t<\/div>\n\t\t\t\t\t<\/div>\n\t\t\t\t<\/div>\n\t\t\t\t\t<\/div>\n\t\t\t\t<\/div>\n\t\t\t\t\t<\/div>\n\t\t\t\t<\/div>\n\t\t\t\t<\/div>\n\t\t","protected":false},"excerpt":{"rendered":"<p>Historie 2019 Um die hohen Verwaltungskosten f\u00fcr 4 Baut\u00e4tigkeiten verrichtende Kollonnen so effizient wie m\u00f6glich zu gestalten, wurde entschieden die Firma KR Kabel Bau GmbH zu schlie\u00dfen. Unsere Firmengruppe besteht somit nun aus zwei ausf\u00fchrenden Baufirmen, die unter gemeinsamer F\u00fchrung anstehende Bauprojekte erstellen und betreuen. 2018 Mitte 2018 wurde die Firma Kabel Wohnbau GmbH gegr\u00fcndet [&hellip;]<\/p>\n","protected":false},"author":1,"featured_media":0,"parent":0,"menu_order":0,"comment_status":"closed","ping_status":"closed","template":"","meta":{"footnotes":""},"class_list":["post-235","page","type-page","status-publish","hentry"],"_links":{"self":[{"href":"https:\/\/kabel-bau.de\/index.php\/wp-json\/wp\/v2\/pages\/235","targetHints":{"allow":["GET"]}}],"collection":[{"href":"https:\/\/kabel-bau.de\/index.php\/wp-json\/wp\/v2\/pages"}],"about":[{"href":"https:\/\/kabel-bau.de\/index.php\/wp-json\/wp\/v2\/types\/page"}],"author":[{"embeddable":true,"href":"https:\/\/kabel-bau.de\/index.php\/wp-json\/wp\/v2\/users\/1"}],"replies":[{"embeddable":true,"href":"https:\/\/kabel-bau.de\/index.php\/wp-json\/wp\/v2\/comments?post=235"}],"version-history":[{"count":3,"href":"https:\/\/kabel-bau.de\/index.php\/wp-json\/wp\/v2\/pages\/235\/revisions"}],"predecessor-version":[{"id":1033,"href":"https:\/\/kabel-bau.de\/index.php\/wp-json\/wp\/v2\/pages\/235\/revisions\/1033"}],"wp:attachment":[{"href":"https:\/\/kabel-bau.de\/index.php\/wp-json\/wp\/v2\/media?parent=235"}],"curies":[{"name":"wp","href":"https:\/\/api.w.org\/{rel}","templated":true}]}}