{"id":240,"date":"2023-10-25T11:14:33","date_gmt":"2023-10-25T11:14:33","guid":{"rendered":"https:\/\/heuristic-engelbart.157-90-23-119.plesk.page\/?page_id=240"},"modified":"2025-07-28T10:13:33","modified_gmt":"2025-07-28T10:13:33","slug":"referenzen","status":"publish","type":"page","link":"https:\/\/kabel-bau.de\/index.php\/referenzen\/","title":{"rendered":"Referenzen"},"content":{"rendered":"\t\t<div data-elementor-type=\"wp-page\" data-elementor-id=\"240\" class=\"elementor elementor-240\" data-elementor-post-type=\"page\">\n\t\t\t\t<div class=\"elementor-element elementor-element-df653e1 e-flex e-con-boxed e-con e-parent\" data-id=\"df653e1\" data-element_type=\"container\" data-e-type=\"container\">\n\t\t\t\t\t<div class=\"e-con-inner\">\n\t\t<div class=\"elementor-element elementor-element-892300e e-flex e-con-boxed e-con e-child\" data-id=\"892300e\" data-element_type=\"container\" data-e-type=\"container\" data-settings=\"{&quot;background_background&quot;:&quot;classic&quot;}\">\n\t\t\t\t\t<div class=\"e-con-inner\">\n\t\t\t\t<div class=\"elementor-element elementor-element-0bbb2e4 premium-blog-align-left elementor-widget elementor-widget-premium-addon-blog\" data-id=\"0bbb2e4\" data-element_type=\"widget\" data-e-type=\"widget\" data-settings=\"{&quot;force_height&quot;:&quot;true&quot;,&quot;premium_blog_columns_number&quot;:&quot;100%&quot;,&quot;premium_blog_grid&quot;:&quot;yes&quot;,&quot;premium_blog_layout&quot;:&quot;even&quot;,&quot;premium_blog_columns_number_tablet&quot;:&quot;50%&quot;,&quot;premium_blog_columns_number_mobile&quot;:&quot;100%&quot;}\" data-widget_type=\"premium-addon-blog.default\">\n\t\t\t\t<div class=\"elementor-widget-container\">\n\t\t\t\t\t\n\t\t\n\n\t\t\t\t<div class=\"premium-blog-wrap  premium-blog-even\" data-page=\"240\">\n\t\t\t\t\t\t\t\t\t<div class=\"premium-blog-post-outer-container\" data-total=\"2\">\n\t\t\t<div class=\"premium-blog-post-container premium-blog-skin-side\">\n\t\t\t\t\t\t\t\t\t<div class=\"premium-blog-thumb-effect-wrapper\">\n\t\t\t\t\t\t<div class=\"premium-blog-thumbnail-container premium-blog-zoomin-effect\">\n\t\t\t\t\t\t\t<img fetchpriority=\"high\" decoding=\"async\" width=\"2048\" height=\"1357\" src=\"https:\/\/kabel-bau.de\/wp-content\/uploads\/2026\/04\/IMG_1287-scaled.jpg\" class=\"attachment-full size-full wp-image-1182\" alt=\"\" title=\"\" srcset=\"https:\/\/kabel-bau.de\/wp-content\/uploads\/2026\/04\/IMG_1287-scaled.jpg 2048w, https:\/\/kabel-bau.de\/wp-content\/uploads\/2026\/04\/IMG_1287-300x199.jpg 300w, https:\/\/kabel-bau.de\/wp-content\/uploads\/2026\/04\/IMG_1287-1024x679.jpg 1024w, https:\/\/kabel-bau.de\/wp-content\/uploads\/2026\/04\/IMG_1287-768x509.jpg 768w, https:\/\/kabel-bau.de\/wp-content\/uploads\/2026\/04\/IMG_1287-1536x1018.jpg 1536w\" sizes=\"(max-width: 2048px) 100vw, 2048px\" \/>\t\t\t\t\t\t<\/div>\n\t\t\t\t\t\t\t\t\t\t\t\t\t<div class=\"premium-blog-thumbnail-overlay\">\n\t\t\t\t\t\t\t\t<a class=\"elementor-icon\" href=\"https:\/\/kabel-bau.de\/index.php\/2026\/04\/07\/berufsboerse-der-jar-mittelschule-in-kleinwallstadt\/\" target=\"_self\"><\/a>\n\t\t\t\t\t\t\t<\/div>\n\n\t\t\t\t\t\t\t\t\t\t\t\t\t\t\t\t\t\t<\/div>\n\t\t\t\t\t\t\t\t\t\t\t\t<div class=\"premium-blog-content-wrapper \">\n\n\t\t\t\t\t<div class=\"premium-blog-inner-container\">\n\n\t\t\t\t\t\t\t\t\t\t\t\t\t\t<h2 class=\"premium-blog-entry-title\">\n\t\t\t<a href=\"https:\/\/kabel-bau.de\/index.php\/2026\/04\/07\/berufsboerse-der-jar-mittelschule-in-kleinwallstadt\/\" target=\"_self\">\n\t\t\t\tBerufsb\u00f6rse der JAR-Mittelschule in Kleinwallstadt\t\t\t<\/a>\n\t\t<\/h2>\n\t\t\t\t<div class=\"premium-blog-entry-meta\">\n\t\t\t\n\t\t\t\n\t\t\t\n\t\t\t\t\t<\/div>\n\t\t\n\t\t\t\t\t<\/div>\n\n\t\t\t\t\t\t\t\t\t\t\n\t\t\t\t<\/div>\n\t\t\t<\/div>\n\t\t<\/div>\n\n\t\t\t\t<div class=\"premium-blog-post-outer-container\" data-total=\"2\">\n\t\t\t<div class=\"premium-blog-post-container premium-blog-skin-side\">\n\t\t\t\t\t\t\t\t\t<div class=\"premium-blog-thumb-effect-wrapper\">\n\t\t\t\t\t\t<div class=\"premium-blog-thumbnail-container premium-blog-zoomin-effect\">\n\t\t\t\t\t\t\t<img decoding=\"async\" width=\"1280\" height=\"720\" src=\"https:\/\/kabel-bau.de\/wp-content\/uploads\/2025\/04\/Zimmerer-u.-Dachdeckerarbeiten-1.jpg\" class=\"attachment-full size-full wp-image-887\" alt=\"Hauptfassade mit Ger\u00fcst; Dachdeckung und Ausbau laufen.\" title=\"\" srcset=\"https:\/\/kabel-bau.de\/wp-content\/uploads\/2025\/04\/Zimmerer-u.-Dachdeckerarbeiten-1.jpg 1280w, https:\/\/kabel-bau.de\/wp-content\/uploads\/2025\/04\/Zimmerer-u.-Dachdeckerarbeiten-1-300x169.jpg 300w, https:\/\/kabel-bau.de\/wp-content\/uploads\/2025\/04\/Zimmerer-u.-Dachdeckerarbeiten-1-1024x576.jpg 1024w, https:\/\/kabel-bau.de\/wp-content\/uploads\/2025\/04\/Zimmerer-u.-Dachdeckerarbeiten-1-768x432.jpg 768w\" sizes=\"(max-width: 1280px) 100vw, 1280px\" \/>\t\t\t\t\t\t<\/div>\n\t\t\t\t\t\t\t\t\t\t\t\t\t<div class=\"premium-blog-thumbnail-overlay\">\n\t\t\t\t\t\t\t\t<a class=\"elementor-icon\" href=\"https:\/\/kabel-bau.de\/index.php\/2025\/04\/29\/bv-neubau-8-we-mit-keller-in-marktheidenfeld-ausfuehrung-rohbau-inkl-ausbaugewerke-als-gu-schluesselfertig-inkl-aussenanlage\/\" target=\"_self\"><\/a>\n\t\t\t\t\t\t\t<\/div>\n\n\t\t\t\t\t\t\t\t\t\t\t\t\t\t\t\t\t\t<\/div>\n\t\t\t\t\t\t\t\t\t\t\t\t<div class=\"premium-blog-content-wrapper \">\n\n\t\t\t\t\t<div class=\"premium-blog-inner-container\">\n\n\t\t\t\t\t\t\t\t\t\t\t\t\t\t<h2 class=\"premium-blog-entry-title\">\n\t\t\t<a href=\"https:\/\/kabel-bau.de\/index.php\/2025\/04\/29\/bv-neubau-8-we-mit-keller-in-marktheidenfeld-ausfuehrung-rohbau-inkl-ausbaugewerke-als-gu-schluesselfertig-inkl-aussenanlage\/\" target=\"_self\">\n\t\t\t\tBV Neubau 8 WE mit Keller in Marktheidenfeld (Ausf\u00fchrung Rohbau inkl. Ausbaugewerke als GU \/ Schl\u00fcsselfertig inkl. Au\u00dfenanlage)\t\t\t<\/a>\n\t\t<\/h2>\n\t\t\t\t<div class=\"premium-blog-entry-meta\">\n\t\t\t\n\t\t\t\n\t\t\t\n\t\t\t\t\t<\/div>\n\t\t\n\t\t\t\t\t<\/div>\n\n\t\t\t\t\t\t\t\t\t\t\n\t\t\t\t<\/div>\n\t\t\t<\/div>\n\t\t<\/div>\n\n\t\t\t\t<div class=\"premium-blog-post-outer-container\" data-total=\"2\">\n\t\t\t<div class=\"premium-blog-post-container premium-blog-skin-side\">\n\t\t\t\t\t\t\t\t\t<div class=\"premium-blog-thumb-effect-wrapper\">\n\t\t\t\t\t\t<div class=\"premium-blog-thumbnail-container premium-blog-zoomin-effect\">\n\t\t\t\t\t\t\t<img decoding=\"async\" width=\"1280\" height=\"960\" src=\"https:\/\/kabel-bau.de\/wp-content\/uploads\/2025\/04\/28-1.jpg\" class=\"attachment-full size-full wp-image-858\" alt=\"Zweifarbige Putzfassade (wei\u00df\/braun) mit Ger\u00fcst, Dach fertig gedeckt.\" title=\"\" srcset=\"https:\/\/kabel-bau.de\/wp-content\/uploads\/2025\/04\/28-1.jpg 1280w, https:\/\/kabel-bau.de\/wp-content\/uploads\/2025\/04\/28-1-300x225.jpg 300w, https:\/\/kabel-bau.de\/wp-content\/uploads\/2025\/04\/28-1-1024x768.jpg 1024w, https:\/\/kabel-bau.de\/wp-content\/uploads\/2025\/04\/28-1-768x576.jpg 768w\" sizes=\"(max-width: 1280px) 100vw, 1280px\" \/>\t\t\t\t\t\t<\/div>\n\t\t\t\t\t\t\t\t\t\t\t\t\t<div class=\"premium-blog-thumbnail-overlay\">\n\t\t\t\t\t\t\t\t<a class=\"elementor-icon\" href=\"https:\/\/kabel-bau.de\/index.php\/2025\/04\/29\/bv-endlich-kleinwallstadt-neubau-einfamilienwohnhaus-mit-teilkeller-ausfuehrung-als-gu-schluesselfertig\/\" target=\"_self\"><\/a>\n\t\t\t\t\t\t\t<\/div>\n\n\t\t\t\t\t\t\t\t\t\t\t\t\t\t\t\t\t\t<\/div>\n\t\t\t\t\t\t\t\t\t\t\t\t<div class=\"premium-blog-content-wrapper \">\n\n\t\t\t\t\t<div class=\"premium-blog-inner-container\">\n\n\t\t\t\t\t\t\t\t\t\t\t\t\t\t<h2 class=\"premium-blog-entry-title\">\n\t\t\t<a href=\"https:\/\/kabel-bau.de\/index.php\/2025\/04\/29\/bv-endlich-kleinwallstadt-neubau-einfamilienwohnhaus-mit-teilkeller-ausfuehrung-als-gu-schluesselfertig\/\" target=\"_self\">\n\t\t\t\tBV Endlich, Kleinwallstadt &#8211; Neubau Einfamilienwohnhaus mit Teilkeller (Ausf\u00fchrung als GU \/ &#8222;Schl\u00fcsselfertig&#8220;)\t\t\t<\/a>\n\t\t<\/h2>\n\t\t\t\t<div class=\"premium-blog-entry-meta\">\n\t\t\t\n\t\t\t\n\t\t\t\n\t\t\t\t\t<\/div>\n\t\t\n\t\t\t\t\t<\/div>\n\n\t\t\t\t\t\t\t\t\t\t\n\t\t\t\t<\/div>\n\t\t\t<\/div>\n\t\t<\/div>\n\n\t\t\t\t<div class=\"premium-blog-post-outer-container\" data-total=\"2\">\n\t\t\t<div class=\"premium-blog-post-container premium-blog-skin-side\">\n\t\t\t\t\t\t\t\t\t<div class=\"premium-blog-thumb-effect-wrapper\">\n\t\t\t\t\t\t<div class=\"premium-blog-thumbnail-container premium-blog-zoomin-effect\">\n\t\t\t\t\t\t\t<img loading=\"lazy\" decoding=\"async\" width=\"1796\" height=\"1200\" src=\"https:\/\/kabel-bau.de\/wp-content\/uploads\/2023\/11\/2023-10-21-1-1.jpg\" class=\"attachment-full size-full wp-image-716\" alt=\"Fertiges Haus mit Ziegeldach und Photovoltaik.\" title=\"\" srcset=\"https:\/\/kabel-bau.de\/wp-content\/uploads\/2023\/11\/2023-10-21-1-1.jpg 1796w, https:\/\/kabel-bau.de\/wp-content\/uploads\/2023\/11\/2023-10-21-1-1-300x200.jpg 300w, https:\/\/kabel-bau.de\/wp-content\/uploads\/2023\/11\/2023-10-21-1-1-1024x684.jpg 1024w, https:\/\/kabel-bau.de\/wp-content\/uploads\/2023\/11\/2023-10-21-1-1-768x513.jpg 768w, https:\/\/kabel-bau.de\/wp-content\/uploads\/2023\/11\/2023-10-21-1-1-1536x1026.jpg 1536w\" sizes=\"(max-width: 1796px) 100vw, 1796px\" \/>\t\t\t\t\t\t<\/div>\n\t\t\t\t\t\t\t\t\t\t\t\t\t<div class=\"premium-blog-thumbnail-overlay\">\n\t\t\t\t\t\t\t\t<a class=\"elementor-icon\" href=\"https:\/\/kabel-bau.de\/index.php\/2023\/11\/30\/neubau-einfamilienwohnhaus-mit-keller-in-eschau-sommerau-rohbauarbeiten-inkl-erdarbeiten\/\" target=\"_self\"><\/a>\n\t\t\t\t\t\t\t<\/div>\n\n\t\t\t\t\t\t\t\t\t\t\t\t\t\t\t\t\t\t<\/div>\n\t\t\t\t\t\t\t\t\t\t\t\t<div class=\"premium-blog-content-wrapper \">\n\n\t\t\t\t\t<div class=\"premium-blog-inner-container\">\n\n\t\t\t\t\t\t\t\t\t\t\t\t\t\t<h2 class=\"premium-blog-entry-title\">\n\t\t\t<a href=\"https:\/\/kabel-bau.de\/index.php\/2023\/11\/30\/neubau-einfamilienwohnhaus-mit-keller-in-eschau-sommerau-rohbauarbeiten-inkl-erdarbeiten\/\" target=\"_self\">\n\t\t\t\tNeubau Einfamilienwohnhaus mit Keller in Eschau-Sommerau (Rohbauarbeiten inkl. Erdarbeiten)\t\t\t<\/a>\n\t\t<\/h2>\n\t\t\t\t<div class=\"premium-blog-entry-meta\">\n\t\t\t\n\t\t\t\n\t\t\t\n\t\t\t\t\t<\/div>\n\t\t\n\t\t\t\t\t<\/div>\n\n\t\t\t\t\t\t\t\t\t\t\n\t\t\t\t<\/div>\n\t\t\t<\/div>\n\t\t<\/div>\n\n\t\t\t\t\t\t\t<\/div>\n\n\t\t\n\t\t\n\t\t\t\t\t\t<\/div>\n\t\t\t\t<\/div>\n\t\t\t\t\t<\/div>\n\t\t\t\t<\/div>\n\t\t\t\t\t<\/div>\n\t\t\t\t<\/div>\n\t\t\t\t<\/div>\n\t\t","protected":false},"excerpt":{"rendered":"<p>BV Neubau 8 WE mit Keller in Marktheidenfeld (Ausf\u00fchrung Rohbau inkl. Ausbaugewerke als GU \/ Schl\u00fcsselfertig inkl. Au\u00dfenanlage) BV Endlich, Kleinwallstadt &#8211; Neubau Einfamilienwohnhaus mit Teilkeller (Ausf\u00fchrung als GU \/ &#8222;Schl\u00fcsselfertig&#8220;) Neubau Einfamilienwohnhaus mit Keller in Eschau-Sommerau (Rohbauarbeiten inkl. Erdarbeiten) BV Neubau 7 Familienwohnhaus in Eschau<\/p>\n","protected":false},"author":1,"featured_media":0,"parent":0,"menu_order":0,"comment_status":"closed","ping_status":"closed","template":"","meta":{"footnotes":""},"class_list":["post-240","page","type-page","status-publish","hentry"],"_links":{"self":[{"href":"https:\/\/kabel-bau.de\/index.php\/wp-json\/wp\/v2\/pages\/240","targetHints":{"allow":["GET"]}}],"collection":[{"href":"https:\/\/kabel-bau.de\/index.php\/wp-json\/wp\/v2\/pages"}],"about":[{"href":"https:\/\/kabel-bau.de\/index.php\/wp-json\/wp\/v2\/types\/page"}],"author":[{"embeddable":true,"href":"https:\/\/kabel-bau.de\/index.php\/wp-json\/wp\/v2\/users\/1"}],"replies":[{"embeddable":true,"href":"https:\/\/kabel-bau.de\/index.php\/wp-json\/wp\/v2\/comments?post=240"}],"version-history":[{"count":6,"href":"https:\/\/kabel-bau.de\/index.php\/wp-json\/wp\/v2\/pages\/240\/revisions"}],"predecessor-version":[{"id":1058,"href":"https:\/\/kabel-bau.de\/index.php\/wp-json\/wp\/v2\/pages\/240\/revisions\/1058"}],"wp:attachment":[{"href":"https:\/\/kabel-bau.de\/index.php\/wp-json\/wp\/v2\/media?parent=240"}],"curies":[{"name":"wp","href":"https:\/\/api.w.org\/{rel}","templated":true}]}}